{"id":52,"date":"2020-09-27T12:01:23","date_gmt":"2020-09-27T12:01:23","guid":{"rendered":"http:\/\/www.przegrywanie.waw.pl\/test\/?page_id=52"},"modified":"2026-04-23T06:48:56","modified_gmt":"2026-04-23T06:48:56","slug":"zamowienie","status":"publish","type":"page","link":"https:\/\/www.przegrywanie.waw.pl\/index.php\/zamowienie\/","title":{"rendered":"Zam\u00f3wienie"},"content":{"rendered":"\r\n<div class=\"vce-row-container\" data-vce-boxed-width=\"true\">\r\n<div id=\"el-aa197560\" class=\"vce-row vce-row--col-gap-30 vce-row-equal-height vce-row-content--top\" data-vce-do-apply=\"all el-aa197560\">\r\n<div class=\"vce-row-content\" data-vce-element-content=\"true\">\r\n<div id=\"el-36355af8\" class=\"vce-col vce-col--md-auto vce-col--xs-1 vce-col--xs-last vce-col--xs-first vce-col--sm-last vce-col--sm-first vce-col--md-last vce-col--lg-last vce-col--xl-last vce-col--md-first vce-col--lg-first vce-col--xl-first\">\r\n<div class=\"vce-col-inner\" data-vce-do-apply=\"border margin background  el-36355af8\">\r\n<div class=\"vce-col-content\" data-vce-element-content=\"true\" data-vce-do-apply=\"padding el-36355af8\">\r\n<div class=\"vcv-row-control-wrapper\">\u00a0<\/div>\r\n<\/div>\r\n<\/div>\r\n<\/div>\r\n<\/div>\r\n<\/div>\r\n<\/div>\r\n\r\n<div class=\"vce-row-container\" data-vce-boxed-width=\"true\">\r\n<div id=\"el-4809d7b3\" class=\"vce-row vce-row--col-gap-30 vce-row-content--top\" data-vce-do-apply=\"all el-4809d7b3\">\r\n<div class=\"vce-row-content\" data-vce-element-content=\"true\">\r\n<div id=\"el-578579bf\" class=\"vce-col vce-col--md-auto vce-col--xs-1 vce-col--xs-last vce-col--xs-first vce-col--sm-last vce-col--sm-first vce-col--md-last vce-col--lg-last vce-col--xl-last vce-col--md-first vce-col--lg-first vce-col--xl-first\">\r\n<div class=\"vce-col-inner\" data-vce-do-apply=\"border margin background  el-578579bf\">\r\n<div class=\"vce-col-content\" data-vce-element-content=\"true\" data-vce-do-apply=\"padding el-578579bf\">\r\n<div class=\"vce-text-block\">\r\n<div id=\"el-de7d887d\" class=\"vce-text-block-wrapper vce\" data-vce-do-apply=\"all el-de7d887d\">\r\n<h4 style=\"text-align: center;\">\u00a0<\/h4>\r\n<h6 class=\"has-text-align-center has-white-color has-text-color\" style=\"line-height: 1.75;\"><span style=\"font-size: 12pt;\">Materia\u0142y do przegrania mo\u017cna dostarczy\u0107 osobi\u015bcie na terenie Warszawy po wcze\u015bniejszym uzgodnieniu terminu telefonicznie (501159488). Materia\u0142y mo\u017cna tak\u017ce przes\u0142a\u0107 poczt\u0105, firm\u0105 kuriersk\u0105 lub do paczkomatu (preferowana forma wysy\u0142ki). W przypadku zam\u00f3wienia wysy\u0142kowego zap\u0142aty mo\u017cna dokona\u0107 na konto bankowe lub blikiem.<\/span><\/h6>\r\n<h5 class=\"has-text-align-center has-white-color has-text-color\" style=\"line-height: 1.75;\"><span style=\"font-size: 12pt;\">Adres do wysy\u0142ki:<\/span><\/h5>\r\n<h5 class=\"has-text-align-center has-white-color has-text-color\" style=\"line-height: 1.75;\"><span style=\"font-size: 12pt;\">Artur Stankiewicz<\/span><br \/><span style=\"font-size: 12pt;\">ul. Rac\u0142awicka 146\/33<\/span><br \/><span style=\"font-size: 12pt;\">02-117 Warszawa<\/span><\/h5>\r\n<h5 class=\"has-text-align-center has-white-color has-text-color\" style=\"line-height: 1.75;\"><span style=\"font-size: 12pt;\">Dane paczkomatu:<\/span><\/h5>\r\n<h5 class=\"has-text-align-center has-white-color has-text-color\" style=\"line-height: 1.75;\"><strong>WAW151H<\/strong><br \/><span style=\"font-size: 12pt;\">ul. Rac\u0142awicka 133, Warszawa<\/span><br \/><span style=\"font-size: 12pt;\">Artur Stankiewicz<\/span><br \/><span style=\"font-size: 12pt;\">dvd@przegrywanie.waw.pl<\/span><br \/><span style=\"font-size: 12pt;\">tel. 501 159 488<\/span><\/h5>\r\n<h5 class=\"has-text-align-center has-white-color has-text-color\" style=\"line-height: 1.75;\"><span style=\"font-size: 12pt;\">Do \u015brodka prosz\u0119 w\u0142o\u017cy\u0107 kartk\u0119 z namiarami do siebie (imi\u0119 i nazwisko, nr. tel.,\u00a0 e-mail, adres zwrotny lub numer paczkomatu zwrotnego) oraz informacj\u0105 na jaki no\u015bnik maj\u0105 by\u0107 przegrane kasety.<\/span><\/h5>\r\n<\/div>\r\n<\/div>\r\n<\/div>\r\n<\/div>\r\n<\/div>\r\n<\/div>\r\n<\/div>\r\n<\/div>\r\n","protected":false},"excerpt":{"rendered":"<p>\u00a0 Materia\u0142y do przegrania mo\u017cna dostarczy\u0107 osobi\u015bcie na terenie Warszawy po wcze\u015bniejszym uzgodnieniu terminu telefonicznie (501159488). Materia\u0142y mo\u017cna tak\u017ce przes\u0142a\u0107 poczt\u0105, firm\u0105 kuriersk\u0105 lub do paczkomatu (preferowana forma wysy\u0142ki). W przypadku zam\u00f3wienia wysy\u0142kowego zap\u0142aty mo\u017cna dokona\u0107 na konto bankowe lub blikiem. Adres do wysy\u0142ki: Artur Stankiewiczul. Rac\u0142awicka 146\/3302-117 Warszawa Dane&#8230;<\/p>\n","protected":false},"author":1,"featured_media":0,"parent":0,"menu_order":0,"comment_status":"closed","ping_status":"closed","template":"","meta":{"footnotes":""},"class_list":["post-52","page","type-page","status-publish","hentry"],"_links":{"self":[{"href":"https:\/\/www.przegrywanie.waw.pl\/index.php\/wp-json\/wp\/v2\/pages\/52","targetHints":{"allow":["GET"]}}],"collection":[{"href":"https:\/\/www.przegrywanie.waw.pl\/index.php\/wp-json\/wp\/v2\/pages"}],"about":[{"href":"https:\/\/www.przegrywanie.waw.pl\/index.php\/wp-json\/wp\/v2\/types\/page"}],"author":[{"embeddable":true,"href":"https:\/\/www.przegrywanie.waw.pl\/index.php\/wp-json\/wp\/v2\/users\/1"}],"replies":[{"embeddable":true,"href":"https:\/\/www.przegrywanie.waw.pl\/index.php\/wp-json\/wp\/v2\/comments?post=52"}],"version-history":[{"count":26,"href":"https:\/\/www.przegrywanie.waw.pl\/index.php\/wp-json\/wp\/v2\/pages\/52\/revisions"}],"predecessor-version":[{"id":296,"href":"https:\/\/www.przegrywanie.waw.pl\/index.php\/wp-json\/wp\/v2\/pages\/52\/revisions\/296"}],"wp:attachment":[{"href":"https:\/\/www.przegrywanie.waw.pl\/index.php\/wp-json\/wp\/v2\/media?parent=52"}],"curies":[{"name":"wp","href":"https:\/\/api.w.org\/{rel}","templated":true}]}}